{"id":56261,"date":"2025-09-09T14:24:13","date_gmt":"2025-09-09T11:24:13","guid":{"rendered":"https:\/\/essentuky.ee\/product\/psyche-nex-cola-tonik\/"},"modified":"2025-09-09T14:24:13","modified_gmt":"2025-09-09T11:24:13","slug":"psyche-nex-cola-tonik","status":"publish","type":"product","link":"https:\/\/essentuky.ee\/ru\/psyche-nex-cola-tonik\/","title":{"rendered":"Psyche Nex Cola Tonik"},"content":{"rendered":"<p>Unustage vitamiinijooke, mis kaotavad poole oma \u201ckasulikkusest\u201d juba paari n\u00e4dalaga riiulil. Psyche Nex \u2014 esimene mineraalkoola kogu universumis. Me m\u00e4ngime t\u00e4iesti teistmoodi reeglite j\u00e4rgi: mineraalid ja soolad ei lagune, need p\u00fcsivad joogis terve s\u00e4ilitusaja, imenduvad kergesti organismis ning hoiavad ideaalse vee- ja soolatasakaalu. See pole lihtsalt \u201cmaitseaine\u201d \u2014 see on t\u00f5eline k\u00fctus teie aju ja kehale. Naatrium k\u00e4ivitab n\u00e4rviimpulsid, aitab hoida keskendumist, teeb m\u00e4lu teravaks ja energia stabiilseks. Kaalium toetab s\u00fcdant, n\u00e4rvis\u00fcsteemi ja lihaseid, magneesium leevendab v\u00e4simust ja parandab fookust ning tsink tugevdab m\u00e4lu ja t\u00f5stab immuunsust. See on maailma esimene jook, mis annab selge m\u00f5tlemise, julged ideed ja energiat pikaks ning sisukaks p\u00e4evaks.<\/p>\n<p>Vesi, suhkur, s\u00fcsinikdioksiid, happesuse regulaator, sidrunhape, looduslikud l\u00f5hna- ja maitseained, naturaalne kofeiin.<\/p>\n<p>100 ml kohta: Energiasisaldus (KJ\/Kcal): 83,9kJ\/20kcal, S\u00fcsivesikud (g): 4,99, Millest suhkrud (g): 4,99<\/p>\n","protected":false},"excerpt":{"rendered":"<p>Jook, mis annab energiat, fookust, loovust, tasakaalu.<\/p>\n","protected":false},"featured_media":56260,"template":"","meta":{"_acf_changed":false},"product_brand":[397],"product_cat":[403],"product_tag":[],"class_list":{"0":"post-56261","1":"product","2":"type-product","3":"status-publish","4":"has-post-thumbnail","6":"product_brand-psyche-nex-cola","7":"product_cat-psyche-nex-cola","8":"product_deptype-0-10","9":"wpautop","11":"first","12":"outofstock","13":"taxable","14":"shipping-taxable","15":"purchasable","16":"product-type-simple"},"acf":[],"_links":{"self":[{"href":"https:\/\/essentuky.ee\/ru\/wp-json\/wp\/v2\/product\/56261","targetHints":{"allow":["GET"]}}],"collection":[{"href":"https:\/\/essentuky.ee\/ru\/wp-json\/wp\/v2\/product"}],"about":[{"href":"https:\/\/essentuky.ee\/ru\/wp-json\/wp\/v2\/types\/product"}],"wp:featuredmedia":[{"embeddable":true,"href":"https:\/\/essentuky.ee\/ru\/wp-json\/wp\/v2\/media\/56260"}],"wp:attachment":[{"href":"https:\/\/essentuky.ee\/ru\/wp-json\/wp\/v2\/media?parent=56261"}],"wp:term":[{"taxonomy":"product_brand","embeddable":true,"href":"https:\/\/essentuky.ee\/ru\/wp-json\/wp\/v2\/product_brand?post=56261"},{"taxonomy":"product_cat","embeddable":true,"href":"https:\/\/essentuky.ee\/ru\/wp-json\/wp\/v2\/product_cat?post=56261"},{"taxonomy":"product_tag","embeddable":true,"href":"https:\/\/essentuky.ee\/ru\/wp-json\/wp\/v2\/product_tag?post=56261"}],"curies":[{"name":"wp","href":"https:\/\/api.w.org\/{rel}","templated":true}]}}