{"id":56243,"date":"2025-04-03T04:21:30","date_gmt":"2025-04-03T01:21:30","guid":{"rendered":"https:\/\/essentuky.ee\/product\/essential-well-%e2%84%964\/"},"modified":"2025-04-03T04:21:30","modified_gmt":"2025-04-03T01:21:30","slug":"essential-well-%e2%84%964","status":"publish","type":"product","link":"https:\/\/essentuky.ee\/ru\/essential-well-%e2%84%964\/","title":{"rendered":"Essential Well \u21164"},"content":{"rendered":"<p>See on kvaliteetne looduslik mineraalvesi, mis on loodud toetama optimaalset h\u00fcdreerimist t\u00e4nu kergelt aluselisele pH-le ja hoolikalt tasakaalustatud mineraalide sisaldusele. T\u00e4iuslik igap\u00e4evaseks kasutamiseks \u2014 olgu sa t\u00f6\u00f6l, j\u00f5usaalis v\u00f5i lihtsalt v\u00f5tad hetke taastumiseks \u2014 see pakub puhast ja v\u00e4rskendavat h\u00fcdreerimist, millest su keha t\u00f5eliselt kasu saab. Taastab f\u00fc\u00fcsilise koormuse ajal kaotatud olulised mineraalid ja mikroelemendid. Annab energiat ja tugevdab immuuns\u00fcsteemi. Kiirendab ainevahetust ja toetab seedimist. Toetab elut\u00e4htsaid biokeemilisi protsesse organismis. Aitab tugevdada rakke, luid ja hambavaapa. Toetab keha loomulikku puhastusprotsessi. Aitab taastada happe-aluse tasakaalu t\u00e4nu k\u00f5rgele bikarbonaadisisaldusele. Soodustab verer\u00f5hu normaliseerumist. Mineraalainete sisaldus 7\u202610,5 g\/l: Ca &lt;50\u2013125, SO4 &lt;25, Mg &lt;50, Na+K 200\u20262800, HCO3 4500\u20267000, Cl &lt;200\u2013600. <\/p>\n","protected":false},"excerpt":{"rendered":"<p>Mineraalvesi h\u00fcdreerib, taastab mineraalid, toetab seedimist ja immuunsust.<\/p>\n","protected":false},"featured_media":56242,"template":"","meta":{"_acf_changed":false},"product_brand":[398],"product_cat":[278],"product_tag":[],"class_list":{"0":"post-56243","1":"product","2":"type-product","3":"status-publish","4":"has-post-thumbnail","6":"product_brand-essential-well","7":"product_cat-popular","8":"product_deptype-0-10","9":"wpautop","11":"first","12":"outofstock","13":"taxable","14":"shipping-taxable","15":"purchasable","16":"product-type-simple"},"acf":[],"_links":{"self":[{"href":"https:\/\/essentuky.ee\/ru\/wp-json\/wp\/v2\/product\/56243","targetHints":{"allow":["GET"]}}],"collection":[{"href":"https:\/\/essentuky.ee\/ru\/wp-json\/wp\/v2\/product"}],"about":[{"href":"https:\/\/essentuky.ee\/ru\/wp-json\/wp\/v2\/types\/product"}],"wp:featuredmedia":[{"embeddable":true,"href":"https:\/\/essentuky.ee\/ru\/wp-json\/wp\/v2\/media\/56242"}],"wp:attachment":[{"href":"https:\/\/essentuky.ee\/ru\/wp-json\/wp\/v2\/media?parent=56243"}],"wp:term":[{"taxonomy":"product_brand","embeddable":true,"href":"https:\/\/essentuky.ee\/ru\/wp-json\/wp\/v2\/product_brand?post=56243"},{"taxonomy":"product_cat","embeddable":true,"href":"https:\/\/essentuky.ee\/ru\/wp-json\/wp\/v2\/product_cat?post=56243"},{"taxonomy":"product_tag","embeddable":true,"href":"https:\/\/essentuky.ee\/ru\/wp-json\/wp\/v2\/product_tag?post=56243"}],"curies":[{"name":"wp","href":"https:\/\/api.w.org\/{rel}","templated":true}]}}