{"id":56240,"date":"2025-04-03T04:21:30","date_gmt":"2025-04-03T01:21:30","guid":{"rendered":"https:\/\/essentuky.ee\/product\/essential-well-%e2%84%962\/"},"modified":"2025-04-03T04:21:30","modified_gmt":"2025-04-03T01:21:30","slug":"essential-well-%e2%84%962","status":"publish","type":"product","link":"https:\/\/essentuky.ee\/ru\/essential-well-%e2%84%962\/","title":{"rendered":"Essential Well \u21162"},"content":{"rendered":"<p>See on kvaliteetne looduslik mineraalvesi madala mineraalisisalduse, pehme maitse ja tasakaalustatud aluselisusega, muutes selle ideaalseks valikuks igap\u00e4evaseks h\u00fcdreerimiseks, heaoluks ja sisemiseks iluks. Loomulikku keha puhastusprotsessi toetav. Aitab hoida naha tervena, niisutatuna ja nooruslikuna. Ennetab k\u00f5\u00f5ma teket ja soodustab peanaha heaolu. Silub peeneid jooni ja kortse. Toetab kehakaalu kontrolli ning aitab s\u00e4ilitada saledat ja tasakaalus figuuri. Mineraalainete sisaldus 2,5\u20265 g\/l. Ca &lt;150, SO4 &lt;50, Mg &lt;50, Na+K 500\u20261250, HCO3 1700\u20263450, Cl &lt;100. <\/p>\n","protected":false},"excerpt":{"rendered":"<p>Mineraalvesi puhastab, niisutab, noorendab, toetab peanahka ja figuuri.<\/p>\n","protected":false},"featured_media":56239,"template":"","meta":{"_acf_changed":false},"product_brand":[398],"product_cat":[278],"product_tag":[],"class_list":{"0":"post-56240","1":"product","2":"type-product","3":"status-publish","4":"has-post-thumbnail","6":"product_brand-essential-well","7":"product_cat-popular","8":"product_deptype-0-10","9":"wpautop","11":"first","12":"outofstock","13":"taxable","14":"shipping-taxable","15":"purchasable","16":"product-type-simple"},"acf":[],"_links":{"self":[{"href":"https:\/\/essentuky.ee\/ru\/wp-json\/wp\/v2\/product\/56240","targetHints":{"allow":["GET"]}}],"collection":[{"href":"https:\/\/essentuky.ee\/ru\/wp-json\/wp\/v2\/product"}],"about":[{"href":"https:\/\/essentuky.ee\/ru\/wp-json\/wp\/v2\/types\/product"}],"wp:featuredmedia":[{"embeddable":true,"href":"https:\/\/essentuky.ee\/ru\/wp-json\/wp\/v2\/media\/56239"}],"wp:attachment":[{"href":"https:\/\/essentuky.ee\/ru\/wp-json\/wp\/v2\/media?parent=56240"}],"wp:term":[{"taxonomy":"product_brand","embeddable":true,"href":"https:\/\/essentuky.ee\/ru\/wp-json\/wp\/v2\/product_brand?post=56240"},{"taxonomy":"product_cat","embeddable":true,"href":"https:\/\/essentuky.ee\/ru\/wp-json\/wp\/v2\/product_cat?post=56240"},{"taxonomy":"product_tag","embeddable":true,"href":"https:\/\/essentuky.ee\/ru\/wp-json\/wp\/v2\/product_tag?post=56240"}],"curies":[{"name":"wp","href":"https:\/\/api.w.org\/{rel}","templated":true}]}}