{"id":56238,"date":"2025-04-03T04:21:30","date_gmt":"2025-04-03T01:21:30","guid":{"rendered":"https:\/\/essentuky.ee\/product\/essential-well-%e2%84%9617\/"},"modified":"2025-04-03T04:21:30","modified_gmt":"2025-04-03T01:21:30","slug":"essential-well-%e2%84%9617","status":"publish","type":"product","link":"https:\/\/essentuky.ee\/ru\/essential-well-%e2%84%9617\/","title":{"rendered":"Essential Well \u211617"},"content":{"rendered":"<p>See on kvaliteetne looduslik mineraalvesi, mis on tuntud oma rikkaliku kloor-h\u00fcdrokarbonaadi naatriumsoolade seguga. T\u00e4is mineraale, sobib ideaalselt neile, kes vajavad t\u00f5sist elektrol\u00fc\u00fctide t\u00f5uget ja ainevahetuse toetust. Disainitud pakkuma k\u00f5rgetasemelist h\u00fcdreerimist, omades k\u00f5rget aluselist pH-d ja k\u00f5rget elektrol\u00fc\u00fctide sisaldust, muutes selle ideaalseks valikuks seedetrakti h\u00e4iretega inimestele, ainevahetuse toetamiseks ning spordij\u00e4rgselt taastumiseks. Aitab taastada happe-aluse tasakaalu ja toetab seedetrakti ning ainevahetush\u00e4iretega inimesi. Soodustab verer\u00f5hu reguleerimist ja toetab s\u00fcdame t\u00f6\u00f6d. Parandab maksa ja sapip\u00f5ie funktsioone. Tugevdab rakke, luid ja hambavaapa. Tagab t\u00f5husa elektrol\u00fc\u00fctide taastamise ja s\u00fcgava rakkude niisutamise. Toetab keha loomulikku puhastusprotsessi ning aitab s\u00e4ilitada n\u00e4rvis\u00fcsteemi tasakaalu. Mineraalainete sisaldus 6,5\u202612 g\/l: Ca 70\u2013150, SO4 &lt;25, Mg &lt;50, Na+K 1500\u20263000, HCO3 4500\u20268000, Cl &lt;300\u2013600. <\/p>\n","protected":false},"excerpt":{"rendered":"<p>Looduslik mineraalvesi taastab tasakaalu, toetab seedimist ja h\u00fcdreerib.<\/p>\n","protected":false},"featured_media":56237,"template":"","meta":{"_acf_changed":false},"product_brand":[398],"product_cat":[278],"product_tag":[],"class_list":{"0":"post-56238","1":"product","2":"type-product","3":"status-publish","4":"has-post-thumbnail","6":"product_brand-essential-well","7":"product_cat-popular","8":"product_deptype-0-10","9":"wpautop","11":"first","12":"outofstock","13":"taxable","14":"shipping-taxable","15":"purchasable","16":"product-type-simple"},"acf":[],"_links":{"self":[{"href":"https:\/\/essentuky.ee\/ru\/wp-json\/wp\/v2\/product\/56238","targetHints":{"allow":["GET"]}}],"collection":[{"href":"https:\/\/essentuky.ee\/ru\/wp-json\/wp\/v2\/product"}],"about":[{"href":"https:\/\/essentuky.ee\/ru\/wp-json\/wp\/v2\/types\/product"}],"wp:featuredmedia":[{"embeddable":true,"href":"https:\/\/essentuky.ee\/ru\/wp-json\/wp\/v2\/media\/56237"}],"wp:attachment":[{"href":"https:\/\/essentuky.ee\/ru\/wp-json\/wp\/v2\/media?parent=56238"}],"wp:term":[{"taxonomy":"product_brand","embeddable":true,"href":"https:\/\/essentuky.ee\/ru\/wp-json\/wp\/v2\/product_brand?post=56238"},{"taxonomy":"product_cat","embeddable":true,"href":"https:\/\/essentuky.ee\/ru\/wp-json\/wp\/v2\/product_cat?post=56238"},{"taxonomy":"product_tag","embeddable":true,"href":"https:\/\/essentuky.ee\/ru\/wp-json\/wp\/v2\/product_tag?post=56238"}],"curies":[{"name":"wp","href":"https:\/\/api.w.org\/{rel}","templated":true}]}}