{"id":56236,"date":"2025-09-09T14:20:29","date_gmt":"2025-09-09T11:20:29","guid":{"rendered":"https:\/\/essentuky.ee\/product\/aqua9-tarhun-thrill\/"},"modified":"2025-09-09T14:20:29","modified_gmt":"2025-09-09T11:20:29","slug":"aqua9-tarhun-thrill","status":"publish","type":"product","link":"https:\/\/essentuky.ee\/ru\/aqua9-tarhun-thrill\/","title":{"rendered":"Aqua9 Tarhun Thrill"},"content":{"rendered":"<p>Et luua meie originaalne versioon klassikalisest tarhunist, alustasime parimast estragoni ekstraktist \u2014 magus, \u00fcrdine ja pagana v\u00e4rske. Aga sellest j\u00e4i v\u00e4heks. Nii lisasime k\u00fcpse vaarika \u2014 mahlase, julge ja just parajalt hapuka, et sind kaasa haarata. Tulemuseks? Tarhun Thrill \u2014 v\u00e4rskendav magusa ja hapu plahvatus, mis hoiab su maitsemeeled pidevalt erksana.<\/p>\n","protected":false},"excerpt":{"rendered":"<p>V\u00e4rske estragon ja julge vaarikas loovad magusa-hapu maitseplahvatuse.<\/p>\n","protected":false},"featured_media":56235,"template":"","meta":{"_acf_changed":false},"product_brand":[396],"product_cat":[402],"product_tag":[],"class_list":{"0":"post-56236","1":"product","2":"type-product","3":"status-publish","4":"has-post-thumbnail","6":"product_brand-aqua9","7":"product_cat-aqua9","8":"product_deptype-0-10","9":"wpautop","11":"first","12":"outofstock","13":"taxable","14":"shipping-taxable","15":"purchasable","16":"product-type-simple"},"acf":[],"_links":{"self":[{"href":"https:\/\/essentuky.ee\/ru\/wp-json\/wp\/v2\/product\/56236","targetHints":{"allow":["GET"]}}],"collection":[{"href":"https:\/\/essentuky.ee\/ru\/wp-json\/wp\/v2\/product"}],"about":[{"href":"https:\/\/essentuky.ee\/ru\/wp-json\/wp\/v2\/types\/product"}],"wp:featuredmedia":[{"embeddable":true,"href":"https:\/\/essentuky.ee\/ru\/wp-json\/wp\/v2\/media\/56235"}],"wp:attachment":[{"href":"https:\/\/essentuky.ee\/ru\/wp-json\/wp\/v2\/media?parent=56236"}],"wp:term":[{"taxonomy":"product_brand","embeddable":true,"href":"https:\/\/essentuky.ee\/ru\/wp-json\/wp\/v2\/product_brand?post=56236"},{"taxonomy":"product_cat","embeddable":true,"href":"https:\/\/essentuky.ee\/ru\/wp-json\/wp\/v2\/product_cat?post=56236"},{"taxonomy":"product_tag","embeddable":true,"href":"https:\/\/essentuky.ee\/ru\/wp-json\/wp\/v2\/product_tag?post=56236"}],"curies":[{"name":"wp","href":"https:\/\/api.w.org\/{rel}","templated":true}]}}