{"id":56234,"date":"2025-04-03T04:21:30","date_gmt":"2025-04-03T01:21:30","guid":{"rendered":"https:\/\/essentuky.ee\/product\/aqua9-melon-mosh\/"},"modified":"2025-04-03T04:21:30","modified_gmt":"2025-04-03T01:21:30","slug":"aqua9-melon-mosh","status":"publish","type":"product","link":"https:\/\/essentuky.ee\/ru\/aqua9-melon-mosh\/","title":{"rendered":"Aqua9 Melon Mosh"},"content":{"rendered":"<p>Alustasime k\u00fcpsest melonist \u2014 mahlane, magus ja t\u00e4pselt nii suvine, et naeratus tuleb ise n\u00e4ole. Seej\u00e4rel lisasime v\u00e4rske m\u00fcndi, mis toob karguse ja jahutava elamuse. Ning l\u00f5puks meliss \u2014 \u00f5rn, kergelt sidrunine n\u00fcanss, mis seob k\u00f5ik kokku. Melon Mosh \u2014 v\u00e4rskendav kolmik, kus magus, \u00fcrdine ja tsitruslik kohtuvad \u00fches plahvatuses.<\/p>\n","protected":false},"excerpt":{"rendered":"<p>V\u00e4rske melon, jahutav m\u00fcnt ja meliss pakuvad elavat plahvatust.<\/p>\n","protected":false},"featured_media":56233,"template":"","meta":{"_acf_changed":false},"product_brand":[396],"product_cat":[402],"product_tag":[],"class_list":{"0":"post-56234","1":"product","2":"type-product","3":"status-publish","4":"has-post-thumbnail","6":"product_brand-aqua9","7":"product_cat-aqua9","8":"product_deptype-0-10","9":"wpautop","11":"first","12":"outofstock","13":"taxable","14":"shipping-taxable","15":"purchasable","16":"product-type-simple"},"acf":[],"_links":{"self":[{"href":"https:\/\/essentuky.ee\/ru\/wp-json\/wp\/v2\/product\/56234","targetHints":{"allow":["GET"]}}],"collection":[{"href":"https:\/\/essentuky.ee\/ru\/wp-json\/wp\/v2\/product"}],"about":[{"href":"https:\/\/essentuky.ee\/ru\/wp-json\/wp\/v2\/types\/product"}],"wp:featuredmedia":[{"embeddable":true,"href":"https:\/\/essentuky.ee\/ru\/wp-json\/wp\/v2\/media\/56233"}],"wp:attachment":[{"href":"https:\/\/essentuky.ee\/ru\/wp-json\/wp\/v2\/media?parent=56234"}],"wp:term":[{"taxonomy":"product_brand","embeddable":true,"href":"https:\/\/essentuky.ee\/ru\/wp-json\/wp\/v2\/product_brand?post=56234"},{"taxonomy":"product_cat","embeddable":true,"href":"https:\/\/essentuky.ee\/ru\/wp-json\/wp\/v2\/product_cat?post=56234"},{"taxonomy":"product_tag","embeddable":true,"href":"https:\/\/essentuky.ee\/ru\/wp-json\/wp\/v2\/product_tag?post=56234"}],"curies":[{"name":"wp","href":"https:\/\/api.w.org\/{rel}","templated":true}]}}