{"id":56232,"date":"2025-09-09T14:21:38","date_gmt":"2025-09-09T11:21:38","guid":{"rendered":"https:\/\/essentuky.ee\/product\/aqua9-citrus-crush\/"},"modified":"2025-09-09T14:21:38","modified_gmt":"2025-09-09T11:21:38","slug":"aqua9-citrus-crush","status":"publish","type":"product","link":"https:\/\/essentuky.ee\/ru\/aqua9-citrus-crush\/","title":{"rendered":"Aqua9 Citrus Crush"},"content":{"rendered":"<p>Tahad maitsta enesekindlust? See algab s\u00e4ravast, v\u00e4rskest sidrunist \u2014 elav ja energiat t\u00e4is, nagu astuksid rambivalgusesse. Siis tuleb ingver \u2014 soe ja v\u00fcrtsikas, lisades julge l\u00f6\u00f6gi ilma v\u00e4himagi k\u00f5hkluseta. L\u00f5puks toob greip sujuva, m\u00f5rkjasmagusa l\u00f5pu, mis seob k\u00f5ik t\u00e4iuslikult kokku. Citrus Crush ei sosista \u2014 see teeb avalduse. \u00dcks lonks ja tunned end v\u00e4rskena, energilisena ja valmis k\u00f5igeks.<\/p>\n","protected":false},"excerpt":{"rendered":"<p>S\u00e4rav sidrun, v\u00fcrtsikas ingver ja m\u00f5rkjas greip loovad enesekindluse.<\/p>\n","protected":false},"featured_media":56227,"template":"","meta":{"_acf_changed":false},"product_brand":[396],"product_cat":[402],"product_tag":[],"class_list":{"0":"post-56232","1":"product","2":"type-product","3":"status-publish","4":"has-post-thumbnail","6":"product_brand-aqua9","7":"product_cat-aqua9","8":"product_deptype-0-10","9":"wpautop","11":"first","12":"instock","13":"taxable","14":"shipping-taxable","15":"purchasable","16":"product-type-simple"},"acf":[],"_links":{"self":[{"href":"https:\/\/essentuky.ee\/ru\/wp-json\/wp\/v2\/product\/56232","targetHints":{"allow":["GET"]}}],"collection":[{"href":"https:\/\/essentuky.ee\/ru\/wp-json\/wp\/v2\/product"}],"about":[{"href":"https:\/\/essentuky.ee\/ru\/wp-json\/wp\/v2\/types\/product"}],"wp:featuredmedia":[{"embeddable":true,"href":"https:\/\/essentuky.ee\/ru\/wp-json\/wp\/v2\/media\/56227"}],"wp:attachment":[{"href":"https:\/\/essentuky.ee\/ru\/wp-json\/wp\/v2\/media?parent=56232"}],"wp:term":[{"taxonomy":"product_brand","embeddable":true,"href":"https:\/\/essentuky.ee\/ru\/wp-json\/wp\/v2\/product_brand?post=56232"},{"taxonomy":"product_cat","embeddable":true,"href":"https:\/\/essentuky.ee\/ru\/wp-json\/wp\/v2\/product_cat?post=56232"},{"taxonomy":"product_tag","embeddable":true,"href":"https:\/\/essentuky.ee\/ru\/wp-json\/wp\/v2\/product_tag?post=56232"}],"curies":[{"name":"wp","href":"https:\/\/api.w.org\/{rel}","templated":true}]}}